{"id":38,"date":"2010-08-23T19:14:11","date_gmt":"2010-08-24T02:14:11","guid":{"rendered":"http:\/\/rttheme10.templatemints.com\/?page_id=38"},"modified":"2017-04-12T19:54:35","modified_gmt":"2017-04-12T19:54:35","slug":"our-products","status":"publish","type":"page","link":"https:\/\/elecalta.com\/?page_id=38","title":{"rendered":"Nuestros productos"},"content":{"rendered":"<p>VARIDESA es una empresa mexicana que ofrece servicios y suministros avanzados de Ingenier\u00eda en Electricidad de Potencia (AT, MT y BT) y en la Automatizaci\u00f3n e Integraci\u00f3n de Procesos Industriales. Proporcionamos soluciones integrales, desde ingenier\u00eda b\u00e1sica (FEED) hasta suministros llave en mano.<br \/>\nNuestra alta capacitaci\u00f3n t\u00e9cnica nos permite ofrecer soluciones innovadoras y personalizadas a nuestros clientes, aportando el m\u00e1ximo valor tecnol\u00f3gico, adapt\u00e1ndonos a sus necesidades, y velando en todo momento por su total satisfacci\u00f3n.<\/p>\n<p>En VARIDESA trabajamos bajo la premisa de concepci\u00f3n global de los proyectos: 360\u00ba en consultor\u00eda e implementaci\u00f3n. Ofrecemos a nuestros clientes una alta capacidad t\u00e9cnica, as\u00ed como la flexibilidad en soluciones id\u00f3neas para cada aplicaci\u00f3n, desarrollando las herramientas (software y hardware) que mejor se adapten a sus necesidades.<\/p>","protected":false},"excerpt":{"rendered":"<p>VARIDESA es una empresa mexicana que ofrece servicios y suministros avanzados de Ingenier\u00eda en Electricidad de Potencia (AT, MT y BT) y en la Automatizaci\u00f3n e Integraci\u00f3n de Procesos Industriales. Proporcionamos soluciones integrales, desde ingenier\u00eda b\u00e1sica (FEED) hasta suministros llave en mano. Nuestra alta capacitaci\u00f3n t\u00e9cnica nos permite ofrecer soluciones innovadoras y personalizadas a nuestros [&hellip;]<\/p>\n","protected":false},"author":2,"featured_media":0,"parent":0,"menu_order":0,"comment_status":"open","ping_status":"open","template":"","meta":{"footnotes":""},"class_list":["post-38","page","type-page","status-publish","hentry"],"_links":{"self":[{"href":"https:\/\/elecalta.com\/index.php?rest_route=\/wp\/v2\/pages\/38","targetHints":{"allow":["GET"]}}],"collection":[{"href":"https:\/\/elecalta.com\/index.php?rest_route=\/wp\/v2\/pages"}],"about":[{"href":"https:\/\/elecalta.com\/index.php?rest_route=\/wp\/v2\/types\/page"}],"author":[{"embeddable":true,"href":"https:\/\/elecalta.com\/index.php?rest_route=\/wp\/v2\/users\/2"}],"replies":[{"embeddable":true,"href":"https:\/\/elecalta.com\/index.php?rest_route=%2Fwp%2Fv2%2Fcomments&post=38"}],"version-history":[{"count":3,"href":"https:\/\/elecalta.com\/index.php?rest_route=\/wp\/v2\/pages\/38\/revisions"}],"predecessor-version":[{"id":1771,"href":"https:\/\/elecalta.com\/index.php?rest_route=\/wp\/v2\/pages\/38\/revisions\/1771"}],"wp:attachment":[{"href":"https:\/\/elecalta.com\/index.php?rest_route=%2Fwp%2Fv2%2Fmedia&parent=38"}],"curies":[{"name":"wp","href":"https:\/\/api.w.org\/{rel}","templated":true}]}}