{"id":862,"date":"2011-09-23T15:15:41","date_gmt":"2011-09-23T15:15:41","guid":{"rendered":"http:\/\/rttheme16.templatemints.com\/?page_id=5"},"modified":"2019-01-14T20:16:50","modified_gmt":"2019-01-14T20:16:50","slug":"about-us","status":"publish","type":"page","link":"https:\/\/elecalta.com\/?page_id=862","title":{"rendered":"Nosotros"},"content":{"rendered":"<p style=\"text-align: left;\"><strong>Ingenier\u00eda y Desarrollo&nbsp;en Alta Tensi\u00f3n, S.A. de C.V.,&nbsp;<\/strong>es una empresa mexicana especializada en servicios el\u00e9ctricos de baja, media y alta tensi\u00f3n, contando un personal eficiente y altamente capacitados para cumplir con los mejores est\u00e1ndares de calidad.<\/p>\n<h4>Nuestra Misi\u00f3n<\/h4>\n<p>Brindar la m\u00e1s extensa gama de servicios de ingenier\u00eda el\u00e9ctrica en la ciudad as\u00ed como atender las necesidades de todos nuestros clientes en tiempo y forma implementando programas de mejora continua en la industria maquiladora, comercial, hotelera y hospitalaria.<\/p>\n<h4>&nbsp;Nuestra Visi\u00f3n<\/h4>\n<p>Ser la empresa l\u00edder en el desarrollo, implementando proyectos de mejora en los sistemas el\u00e9ctricos industriales a nivel nacional, respaldados en programas de actualizaci\u00f3n tecnol\u00f3gica y sustentable, creando una armon\u00eda entre la industria de servicios y el medio ambiente.<\/p>\n<h4>Nuestros Valores<\/h4>\n<p style=\"text-align: left;\">Calidad, eficiencia, compromiso, respeto, integridad, responsabilidad, honestidad y profesionalismo, son los valores que distinguen a <strong>Ingenier\u00eda y Desarrollo en Alta Tensi\u00f3n, S.A. de C.V.<\/strong> del resto de proveedores de servicio.<\/p>\n<p style=\"text-align: left;\">Nuestro Capital mas valioso: El factor humano<\/p>\n<div class=\"photo_gallery\"><ul>\n<li><span class=\"frame\"><a href=\"http:\/\/elecalta.com\/wp-content\/uploads\/2011\/09\/per01.jpg \" title=\"sample image\"  data-gal=\"prettyPhoto[]\" class=\"imgeffect magnifier\"><img decoding=\"async\" src=\"http:\/\/elecalta.com\/wp-content\/uploads\/2011\/09\/per01-258x224.jpg\" alt=\"\" \/><\/a><\/span><span class=\"p_caption\" style=\"max-width:258px\"><\/span><\/li>\n<li><span class=\"frame\"><a href=\"http:\/\/elecalta.com\/wp-content\/uploads\/2011\/09\/per02.jpg \" title=\"sample image\"   class=\"imgeffect magnifier\"><img decoding=\"async\" src=\"http:\/\/elecalta.com\/wp-content\/uploads\/2011\/09\/per02-258x224.jpg\" alt=\"\" \/><\/a><\/span><span class=\"p_caption\" style=\"max-width:258px\"><\/span><\/li>\n<\/ul><div class=\"clear\"><\/div><\/div>\n<p>Apegados a las normativas que rigen las actividades de la compa\u00f1\u00eda, as\u00ed como enfocarse en la satisfacci\u00f3n y el bienestar de nuestros colaboradores, implementando programas de seguridad industrial con apego a la norma que regula los trabajos en alta tensi\u00f3n (NOM-029-STPS) y mejora en el servicio de acuerdo a las necesidades expuestas por nuestros clientes.<\/p>","protected":false},"excerpt":{"rendered":"<p>Ingenier\u00eda y Desarrollo&nbsp;en Alta Tensi\u00f3n, S.A. de C.V.,&nbsp;es una empresa mexicana especializada en servicios el\u00e9ctricos de baja, media y alta tensi\u00f3n, contando un personal eficiente y altamente capacitados para cumplir con los mejores est\u00e1ndares de calidad. Nuestra Misi\u00f3n Brindar la m\u00e1s extensa gama de servicios de ingenier\u00eda el\u00e9ctrica en la ciudad as\u00ed como atender las [&hellip;]<\/p>\n","protected":false},"author":2,"featured_media":0,"parent":0,"menu_order":0,"comment_status":"open","ping_status":"open","template":"","meta":{"footnotes":""},"class_list":["post-862","page","type-page","status-publish","hentry"],"_links":{"self":[{"href":"https:\/\/elecalta.com\/index.php?rest_route=\/wp\/v2\/pages\/862","targetHints":{"allow":["GET"]}}],"collection":[{"href":"https:\/\/elecalta.com\/index.php?rest_route=\/wp\/v2\/pages"}],"about":[{"href":"https:\/\/elecalta.com\/index.php?rest_route=\/wp\/v2\/types\/page"}],"author":[{"embeddable":true,"href":"https:\/\/elecalta.com\/index.php?rest_route=\/wp\/v2\/users\/2"}],"replies":[{"embeddable":true,"href":"https:\/\/elecalta.com\/index.php?rest_route=%2Fwp%2Fv2%2Fcomments&post=862"}],"version-history":[{"count":11,"href":"https:\/\/elecalta.com\/index.php?rest_route=\/wp\/v2\/pages\/862\/revisions"}],"predecessor-version":[{"id":1780,"href":"https:\/\/elecalta.com\/index.php?rest_route=\/wp\/v2\/pages\/862\/revisions\/1780"}],"wp:attachment":[{"href":"https:\/\/elecalta.com\/index.php?rest_route=%2Fwp%2Fv2%2Fmedia&parent=862"}],"curies":[{"name":"wp","href":"https:\/\/api.w.org\/{rel}","templated":true}]}}